{"id":643,"date":"2018-12-11T00:38:42","date_gmt":"2018-12-11T00:38:42","guid":{"rendered":"http:\/\/freakygoods.com\/?page_id=643"},"modified":"2019-01-22T23:34:40","modified_gmt":"2019-01-22T23:34:40","slug":"ambasadorzy","status":"publish","type":"page","link":"http:\/\/freakygoods.com\/en\/ambasadorzy\/","title":{"rendered":"Ambasadors"},"content":{"rendered":"<div id='full_slider_1'  class='avia-fullwidth-slider main_color avia-shadow  av-mini-hide  avia-builder-el-0  el_before_av_one_third  avia-builder-el-first   container_wrap sidebar_right'  ><div   data-size='featured'  data-lightbox_size='large'  data-animation='fade'  data-conditional_play=''  data-ids='722,810'  data-video_counter='0'  data-autoplay='true'  data-bg_slider='false'  data-slide_height=''  data-handle='av_slideshow_full'  data-interval='5'  data-class=' '  data-el_id=''  data-css_id=''  data-scroll_down=''  data-control_layout='av-control-default'  data-custom_markup=''  data-perma_caption=''  data-autoplay_stopper=''  data-image_attachment=''  data-min_height='0px'  data-lazy_loading='disabled'  data-src=''  data-position='top left'  data-repeat='no-repeat'  data-attach='scroll'  data-stretch=''  data-img_scrset=''  data-default-height='28.666666666667'  class='avia-slideshow avia-slideshow-1  av-control-default av-default-height-applied avia-slideshow-featured av_slideshow_full   avia-fade-slider'  itemprop=\"image\" itemscope=\"itemscope\" itemtype=\"https:\/\/schema.org\/ImageObject\" ><ul class='avia-slideshow-inner' style='padding-bottom: 28.666666666667%;' ><li  class='slide-1' ><div data-rel='slideshow-1' class='avia-slide-wrap'   ><div class = \"caption_fullwidth av-slideshow-caption caption_bottom caption_bottom_framed caption_framed\"><div class = \"container caption_container\"><div class = \"slideshow_caption\"><div class = \"slideshow_inner_caption\"><div class = \"slideshow_align_caption\"><h2  style='font-size:45px; ' class='avia-caption-title'  itemprop=\"name\" >Ma\u0142gorzata Jasi\u0144ska<\/h2><br\/><a href='http:\/\/freakygoods.com\/en\/jasinska\/'  class='avia-slideshow-button avia-button avia-color-red' data-duration='800' data-easing='easeInOutQuad'>Zobacz profil<\/a><\/div><\/div><\/div><\/div><\/div><img class=\"wp-image-722 avia-img-lazy-loading-not-722\"  src=\"https:\/\/freakygoods.com\/wp-content\/uploads\/2018\/12\/malgorzata-jasinska2.png\" width=\"1500\" height=\"430\" title='Malgorzata Jasi\u0144ska' alt='Malgorzata Jasi\u0144ska'  itemprop=\"thumbnailUrl\" srcset=\"https:\/\/freakygoods.com\/wp-content\/uploads\/2018\/12\/malgorzata-jasinska2.png 1500w, https:\/\/freakygoods.com\/wp-content\/uploads\/2018\/12\/malgorzata-jasinska2-300x86.png 300w, https:\/\/freakygoods.com\/wp-content\/uploads\/2018\/12\/malgorzata-jasinska2-768x220.png 768w, https:\/\/freakygoods.com\/wp-content\/uploads\/2018\/12\/malgorzata-jasinska2-1030x295.png 1030w, https:\/\/freakygoods.com\/wp-content\/uploads\/2018\/12\/malgorzata-jasinska2-705x202.png 705w, https:\/\/freakygoods.com\/wp-content\/uploads\/2018\/12\/malgorzata-jasinska2-600x172.png 600w\" sizes=\"(max-width: 1500px) 100vw, 1500px\" \/><\/div><\/li><li  class='slide-2' ><div data-rel='slideshow-1' class='avia-slide-wrap'   ><div class = \"caption_fullwidth av-slideshow-caption caption_bottom caption_bottom_framed caption_framed\"><div class = \"container caption_container\"><div class = \"slideshow_caption\"><div class = \"slideshow_inner_caption\"><div class = \"slideshow_align_caption\"><h2  style='font-size:45px; ' class='avia-caption-title'  itemprop=\"name\" >Mateusz \"Matys\" Ligocki<\/h2><br\/><a href='http:\/\/freakygoods.com\/en\/matys\/'  class='avia-slideshow-button avia-button avia-color-red' data-duration='800' data-easing='easeInOutQuad'>Zobacz profil<\/a><\/div><\/div><\/div><\/div><\/div><img class=\"wp-image-810 avia-img-lazy-loading-not-810\"  src=\"https:\/\/freakygoods.com\/wp-content\/uploads\/2018\/12\/mateusz-ligocki4.png\" width=\"1500\" height=\"430\" title='Mateusz Ligocki &quot;Matys&quot;' alt='Mateusz Ligocki &quot;Matys&quot;'  itemprop=\"thumbnailUrl\" srcset=\"https:\/\/freakygoods.com\/wp-content\/uploads\/2018\/12\/mateusz-ligocki4.png 1500w, https:\/\/freakygoods.com\/wp-content\/uploads\/2018\/12\/mateusz-ligocki4-300x86.png 300w, https:\/\/freakygoods.com\/wp-content\/uploads\/2018\/12\/mateusz-ligocki4-768x220.png 768w, https:\/\/freakygoods.com\/wp-content\/uploads\/2018\/12\/mateusz-ligocki4-1030x295.png 1030w, https:\/\/freakygoods.com\/wp-content\/uploads\/2018\/12\/mateusz-ligocki4-705x202.png 705w, https:\/\/freakygoods.com\/wp-content\/uploads\/2018\/12\/mateusz-ligocki4-600x172.png 600w\" sizes=\"(max-width: 1500px) 100vw, 1500px\" \/><\/div><\/li><\/ul><div class='avia-slideshow-arrows avia-slideshow-controls' ><a href='#prev' class='prev-slide' aria-hidden='true' data-av_icon='\ue87c' data-av_iconfont='entypo-fontello'  tabindex='-1'>Previous<\/a><a href='#next' class='next-slide' aria-hidden='true' data-av_icon='\ue87d' data-av_iconfont='entypo-fontello'  tabindex='-1'>Next<\/a><\/div><div class='avia-slideshow-dots avia-slideshow-controls'><a href='#1' class='goto-slide active' >1<\/a><a href='#2' class='goto-slide' >2<\/a><\/div><\/div><\/div><div id='after_full_slider_1'  class='main_color av_default_container_wrap container_wrap sidebar_right'  ><div class='container av-section-cont-open' ><div class='template-page content  av-content-small alpha units'><div class='post-entry post-entry-type-page post-entry-643'><div class='entry-content-wrapper clearfix'>\n\n<style type=\"text\/css\" data-created_by=\"avia_inline_auto\" id=\"style-css-av-e5q17-9f927348887b2d5b07965cbcc1aa54ca\">\n.flex_column.av-e5q17-9f927348887b2d5b07965cbcc1aa54ca{\nborder-radius:0px 0px 0px 0px;\n-webkit-border-radius:0px 0px 0px 0px;\n-moz-border-radius:0px 0px 0px 0px;\n}\n<\/style>\n<div class='flex_column av-e5q17-9f927348887b2d5b07965cbcc1aa54ca av_one_third  avia-builder-el-1  el_after_av_slideshow_full  el_before_av_one_third  avia-builder-el-first  first flex_column_div av-zero-column-padding'   ><p>\n<style type=\"text\/css\" data-created_by=\"avia_inline_auto\" id=\"style-css-av-jpixlyw9-91be6d1d3048186f29d3ee81a70df3cf\">\n.avia-image-container.av-jpixlyw9-91be6d1d3048186f29d3ee81a70df3cf .av-image-caption-overlay-center{\ncolor:#ffffff;\n}\n<\/style>\n<div  class='avia-image-container av-jpixlyw9-91be6d1d3048186f29d3ee81a70df3cf av-styling- avia-align-center  avia-builder-el-2  el_before_av_heading  avia-builder-el-first'  itemprop=\"image\" itemscope=\"itemscope\" itemtype=\"https:\/\/schema.org\/ImageObject\" ><div class=\"avia-image-container-inner\"><div class=\"avia-image-overlay-wrap\"><a href=\"http:\/\/freakygoods.com\/en\/jasinska\/\" class='avia_image' ><img width=\"850\" height=\"850\" class='wp-image-1561 avia-img-lazy-loading-not-1561 avia_image' src=\"https:\/\/freakygoods.com\/wp-content\/uploads\/2019\/01\/malgorzata-jasinska-profilowe.png\" alt='Ma\u0142gorzata Jasi\u0144ska' title='Ma\u0142gorzata Jasi\u0144ska'  itemprop=\"thumbnailUrl\" srcset=\"https:\/\/freakygoods.com\/wp-content\/uploads\/2019\/01\/malgorzata-jasinska-profilowe.png 850w, https:\/\/freakygoods.com\/wp-content\/uploads\/2019\/01\/malgorzata-jasinska-profilowe-80x80.png 80w, https:\/\/freakygoods.com\/wp-content\/uploads\/2019\/01\/malgorzata-jasinska-profilowe-300x300.png 300w, https:\/\/freakygoods.com\/wp-content\/uploads\/2019\/01\/malgorzata-jasinska-profilowe-768x768.png 768w, https:\/\/freakygoods.com\/wp-content\/uploads\/2019\/01\/malgorzata-jasinska-profilowe-36x36.png 36w, https:\/\/freakygoods.com\/wp-content\/uploads\/2019\/01\/malgorzata-jasinska-profilowe-180x180.png 180w, https:\/\/freakygoods.com\/wp-content\/uploads\/2019\/01\/malgorzata-jasinska-profilowe-705x705.png 705w, https:\/\/freakygoods.com\/wp-content\/uploads\/2019\/01\/malgorzata-jasinska-profilowe-100x100.png 100w, https:\/\/freakygoods.com\/wp-content\/uploads\/2019\/01\/malgorzata-jasinska-profilowe-600x600.png 600w\" sizes=\"(max-width: 850px) 100vw, 850px\" \/><\/a><\/div><\/div><\/div><br \/>\n\n<style type=\"text\/css\" data-created_by=\"avia_inline_auto\" id=\"style-css-av-a3puz-9b797acda6940d8d4c978ddc5ad203fb\">\n#top .av-special-heading.av-a3puz-9b797acda6940d8d4c978ddc5ad203fb{\npadding-bottom:24px;\n}\n.av-special-heading.av-a3puz-9b797acda6940d8d4c978ddc5ad203fb .av-subheading{\nfont-size:15px;\n}\n<\/style>\n<div  class='av-special-heading av-a3puz-9b797acda6940d8d4c978ddc5ad203fb av-special-heading-h3 blockquote modern-quote modern-centered  avia-builder-el-3  el_after_av_image  avia-builder-el-last'><h3 class='av-special-heading-tag'  itemprop=\"headline\"  >Ma\u0142gorzata Jasi\u0144ska<\/h3><div class='av-subheading av-subheading_below'><p>Kolarstwo szosowe<\/p>\n<\/div><div class='special-heading-border'><div class='special-heading-inner-border'><\/div><\/div><\/div><\/p><\/div>\n<style type=\"text\/css\" data-created_by=\"avia_inline_auto\" id=\"style-css-av-e5q17-b820fd1a9faaa8f4a34eed48a7ece3c3\">\n.flex_column.av-e5q17-b820fd1a9faaa8f4a34eed48a7ece3c3{\nborder-radius:0px 0px 0px 0px;\n-webkit-border-radius:0px 0px 0px 0px;\n-moz-border-radius:0px 0px 0px 0px;\n}\n<\/style>\n<div class='flex_column av-e5q17-b820fd1a9faaa8f4a34eed48a7ece3c3 av_one_third  avia-builder-el-4  el_after_av_one_third  avia-builder-el-last  flex_column_div av-zero-column-padding'   ><p>\n<style type=\"text\/css\" data-created_by=\"avia_inline_auto\" id=\"style-css-av-jpixlyw9-d334b7077688308d7b46bd8cab6c3b7f\">\n.avia-image-container.av-jpixlyw9-d334b7077688308d7b46bd8cab6c3b7f .av-image-caption-overlay-center{\ncolor:#ffffff;\n}\n<\/style>\n<div  class='avia-image-container av-jpixlyw9-d334b7077688308d7b46bd8cab6c3b7f av-styling- avia-align-center  avia-builder-el-5  el_before_av_heading  avia-builder-el-first'  itemprop=\"image\" itemscope=\"itemscope\" itemtype=\"https:\/\/schema.org\/ImageObject\" ><div class=\"avia-image-container-inner\"><div class=\"avia-image-overlay-wrap\"><a href=\"http:\/\/freakygoods.com\/en\/matys\/\" class='avia_image' ><img width=\"850\" height=\"850\" class='wp-image-805 avia-img-lazy-loading-not-805 avia_image' src=\"https:\/\/freakygoods.com\/wp-content\/uploads\/2018\/12\/mateusz-ligocki-portret.png\" alt='Mateusz Ligocki' title='Mateusz Ligocki'  itemprop=\"thumbnailUrl\" srcset=\"https:\/\/freakygoods.com\/wp-content\/uploads\/2018\/12\/mateusz-ligocki-portret.png 850w, https:\/\/freakygoods.com\/wp-content\/uploads\/2018\/12\/mateusz-ligocki-portret-80x80.png 80w, https:\/\/freakygoods.com\/wp-content\/uploads\/2018\/12\/mateusz-ligocki-portret-300x300.png 300w, https:\/\/freakygoods.com\/wp-content\/uploads\/2018\/12\/mateusz-ligocki-portret-768x768.png 768w, https:\/\/freakygoods.com\/wp-content\/uploads\/2018\/12\/mateusz-ligocki-portret-36x36.png 36w, https:\/\/freakygoods.com\/wp-content\/uploads\/2018\/12\/mateusz-ligocki-portret-180x180.png 180w, https:\/\/freakygoods.com\/wp-content\/uploads\/2018\/12\/mateusz-ligocki-portret-705x705.png 705w, https:\/\/freakygoods.com\/wp-content\/uploads\/2018\/12\/mateusz-ligocki-portret-100x100.png 100w, https:\/\/freakygoods.com\/wp-content\/uploads\/2018\/12\/mateusz-ligocki-portret-600x600.png 600w\" sizes=\"(max-width: 850px) 100vw, 850px\" \/><\/a><\/div><\/div><\/div><br \/>\n\n<style type=\"text\/css\" data-created_by=\"avia_inline_auto\" id=\"style-css-av-jpju533p-6f1d7170bf4017e22a36b73187fe60be\">\n#top .av-special-heading.av-jpju533p-6f1d7170bf4017e22a36b73187fe60be{\npadding-bottom:24px;\n}\n.av-special-heading.av-jpju533p-6f1d7170bf4017e22a36b73187fe60be .av-subheading{\nfont-size:15px;\n}\n<\/style>\n<div  class='av-special-heading av-jpju533p-6f1d7170bf4017e22a36b73187fe60be av-special-heading-h3 blockquote modern-quote modern-centered  avia-builder-el-6  el_after_av_image  avia-builder-el-last'><h3 class='av-special-heading-tag'  itemprop=\"headline\"  >Mateusz Ligocki<\/h3><div class='av-subheading av-subheading_below'><p>Snowboard<\/p>\n<\/div><div class='special-heading-border'><div class='special-heading-inner-border'><\/div><\/div><\/div><\/p><\/div><\/p>","protected":false},"excerpt":{"rendered":"","protected":false},"author":1,"featured_media":0,"parent":0,"menu_order":0,"comment_status":"closed","ping_status":"closed","template":"","meta":[],"_links":{"self":[{"href":"http:\/\/freakygoods.com\/en\/wp-json\/wp\/v2\/pages\/643"}],"collection":[{"href":"http:\/\/freakygoods.com\/en\/wp-json\/wp\/v2\/pages"}],"about":[{"href":"http:\/\/freakygoods.com\/en\/wp-json\/wp\/v2\/types\/page"}],"author":[{"embeddable":true,"href":"http:\/\/freakygoods.com\/en\/wp-json\/wp\/v2\/users\/1"}],"replies":[{"embeddable":true,"href":"http:\/\/freakygoods.com\/en\/wp-json\/wp\/v2\/comments?post=643"}],"version-history":[{"count":41,"href":"http:\/\/freakygoods.com\/en\/wp-json\/wp\/v2\/pages\/643\/revisions"}],"predecessor-version":[{"id":1913,"href":"http:\/\/freakygoods.com\/en\/wp-json\/wp\/v2\/pages\/643\/revisions\/1913"}],"wp:attachment":[{"href":"http:\/\/freakygoods.com\/en\/wp-json\/wp\/v2\/media?parent=643"}],"curies":[{"name":"wp","href":"https:\/\/api.w.org\/{rel}","templated":true}]}}